{"id":1496,"date":"2013-08-07T15:27:51","date_gmt":"2013-08-07T15:27:51","guid":{"rendered":"http:\/\/centaurdev.centaur.yuno-cirrus.com\/contact\/"},"modified":"2017-08-14T17:08:55","modified_gmt":"2017-08-14T16:08:55","slug":"contact","status":"publish","type":"page","link":"https:\/\/horserugdriers.co.uk\/de\/contact\/","title":{"rendered":"Contact"},"content":{"rendered":"\n  <div class=\"banner has-hover\" id=\"banner-206486539\">\n          <div class=\"banner-inner fill\">\n        <div class=\"banner-bg fill\" >\n            <img decoding=\"async\" width=\"1020\" height=\"574\" src=\"https:\/\/horserugdriers.co.uk\/wp-content\/uploads\/2017\/08\/Centaur-1-emotional.00_00_42_10.Still007.jpg\" class=\"bg attachment-large size-large\" alt=\"\" \/>                        <div class=\"overlay\"><\/div>            \n                    <\/div>\n\t\t\n        <div class=\"banner-layers container\">\n            <div class=\"fill banner-link\"><\/div>            \n   <div id=\"text-box-1166762664\" class=\"text-box banner-layer x50 md-x50 lg-x50 y75 md-y75 lg-y75 res-text\">\n                                <div class=\"text-box-content text dark\">\n              \n              <div class=\"text-inner text-center\">\n                  \n<div class=\"cont-us-title\">\n<h1 class=\"uppercase\" style=\"font-size: 60px; font-weight: 100;\">KONTAKT<\/h1>\n<\/div>\n              <\/div>\n           <\/div>\n                            \n<style>\n#text-box-1166762664 {\n  width: 100%;\n}\n#text-box-1166762664 .text-box-content {\n  font-size: 100%;\n}\n<\/style>\n    <\/div>\n \n        <\/div>\n      <\/div>\n\n            \n<style>\n#banner-206486539 {\n  padding-top: 358px;\n}\n#banner-206486539 .overlay {\n  background-color: rgba(0, 0, 0, 0.6);\n}\n#banner-206486539 .banner-bg img {\n  object-position: 70% 29%;\n}\n<\/style>\n  <\/div>\n\n\n<div class=\"text-center\"><div class=\"is-divider divider clearfix\" style=\"margin-top:0px;margin-bottom:0px;max-width:100%;height:21px;background-color:rgb(254, 203, 3);\"><\/div><\/div>\n\t<div id=\"gap-2116063272\" class=\"gap-element clearfix\" style=\"display:block; height:auto;\">\n\t\t\n<style>\n#gap-2116063272 {\n  padding-top: 60px;\n}\n<\/style>\n\t<\/div>\n\t\n<div class=\"row align-equal align-center row-divided\"  id=\"row-2068043486\">\n\n\t<div id=\"col-209801684\" class=\"col cont-col-left medium-8 small-12 large-8 col-divided\"  >\n\t\t\t\t<div class=\"col-inner text-left\"  >\n\t\t\t\n\t\t\t\n<div class=\"contact-form-in-text\">\n<h3 style=\"font-size: 36px; line-height: 30pt; font-weight: 400;\">Wenn Sie eine Bestellung f\u00fcr ein <br \/>\neurop\u00e4isches Land aufgeben m\u00f6chten, geben Sie bitte an, in welches Land die Waren geliefert werden sollen.<\/h3>\n<p style=\"font-size: 24px; line-height: 30pt;\">Wir freuen uns, von Ihnen zu h\u00f6ren, sollten Sie Fragen haben. Kontaktieren Sie einfach unser freundliches Team, die Ihnen gerne behilflich sind.<\/p>\n<\/div>\n\n<div class=\"wpcf7 no-js\" id=\"wpcf7-f1051-o1\" lang=\"en-US\" dir=\"ltr\" data-wpcf7-id=\"1051\">\n<div class=\"screen-reader-response\"><p role=\"status\" aria-live=\"polite\" aria-atomic=\"true\"><\/p> <ul><\/ul><\/div>\n<form action=\"\/de\/wp-json\/wp\/v2\/pages\/1496#wpcf7-f1051-o1\" method=\"post\" class=\"wpcf7-form init\" aria-label=\"Contact form\" novalidate=\"novalidate\" data-status=\"init\">\n<fieldset class=\"hidden-fields-container\"><input type=\"hidden\" name=\"_wpcf7\" value=\"1051\" \/><input type=\"hidden\" name=\"_wpcf7_version\" value=\"6.1.4\" \/><input type=\"hidden\" name=\"_wpcf7_locale\" value=\"en_US\" \/><input type=\"hidden\" name=\"_wpcf7_unit_tag\" value=\"wpcf7-f1051-o1\" \/><input type=\"hidden\" name=\"_wpcf7_container_post\" value=\"0\" \/><input type=\"hidden\" name=\"_wpcf7_posted_data_hash\" value=\"\" \/><input type=\"hidden\" name=\"_wpcf7_recaptcha_response\" value=\"\" \/>\n<\/fieldset>\n<div class=\"row\">\n\t<div class=\"col medium-4 small-12 large-4\">\n\t\t<p><label style=\"font-size:14px;font-weight:800;text-transform:uppercase;\"> Name <span style=\"color:#fecb02;\">*<\/span><br \/>\n<span class=\"wpcf7-form-control-wrap\" data-name=\"your-name\"><input size=\"40\" maxlength=\"400\" class=\"wpcf7-form-control wpcf7-text wpcf7-validates-as-required\" aria-required=\"true\" aria-invalid=\"false\" value=\"\" type=\"text\" name=\"your-name\" \/><\/span> <\/label>\n\t\t<\/p>\n\t<\/div>\n\t<div class=\"col medium-4 small-12 large-4\">\n\t\t<p><label style=\"font-size:14px;font-weight:800;text-transform:uppercase;\"> Email <span style=\"color:#fecb02;\">*<\/span><br \/>\n<span class=\"wpcf7-form-control-wrap\" data-name=\"your-email\"><input size=\"40\" maxlength=\"400\" class=\"wpcf7-form-control wpcf7-email wpcf7-validates-as-required wpcf7-text wpcf7-validates-as-email\" aria-required=\"true\" aria-invalid=\"false\" value=\"\" type=\"email\" name=\"your-email\" \/><\/span> <\/label>\n\t\t<\/p>\n\t<\/div>\n\t<div class=\"col medium-4 small-12 large-4\">\n\t\t<p><label style=\"font-size:14px;font-weight:800;text-transform:uppercase;\"> telephone <span style=\"color:#fecb02;\">*<\/span><br \/>\n<span class=\"wpcf7-form-control-wrap\" data-name=\"your-subject\"><input size=\"40\" maxlength=\"400\" class=\"wpcf7-form-control wpcf7-text\" aria-invalid=\"false\" value=\"\" type=\"text\" name=\"your-subject\" \/><\/span> <\/label>\n\t\t<\/p>\n\t<\/div>\n\t<div class=\"col col-12\">\n\t\t<p><label style=\"font-size:14px;font-weight:800;text-transform:uppercase;\"> Message <span style=\"color:#fecb02;\">*<\/span><br \/>\n<span class=\"wpcf7-form-control-wrap\" data-name=\"your-message\"><textarea cols=\"40\" rows=\"10\" maxlength=\"2000\" class=\"wpcf7-form-control wpcf7-textarea\" aria-invalid=\"false\" name=\"your-message\"><\/textarea><\/span> <\/label>\n\t\t<\/p>\n\t<\/div>\n\t<div class=\"col col-12\">\n\t\t<p><input class=\"wpcf7-form-control wpcf7-submit has-spinner button primary round-btn contact-btn-submit\" type=\"submit\" value=\"SUBMIT\" \/>\n\t\t<\/p>\n\t<\/div>\n<\/div><div class=\"wpcf7-response-output\" aria-hidden=\"true\"><\/div>\n<\/form>\n<\/div>\n\n\t\t<\/div>\n\t\t\t\t\n<style>\n#col-209801684 > .col-inner {\n  max-width: 894px;\n}\n<\/style>\n\t<\/div>\n\n\t\n\n\t<div id=\"col-1553232611\" class=\"col cont-col-right medium-4 small-12 large-4\"  >\n\t\t\t\t<div class=\"col-inner\"  >\n\t\t\t\n\t\t\t\n<h3 style=\"font-size: 18px; text-transform: uppercase; color: #fecb02; font-weight: bold;\">\u00d6ffnungszeiten<\/h3>\n<p style=\"font-size: 18px; line-height: 30px;\"><span style=\"font-weight: 400;\">Sie k\u00f6nnen uns w\u00e4hrend der \u00d6ffnungszeiten auch telefonisch erreichen.<\/span><\/p>\n<p><span style=\"font-weight: bold; font-size: 14px;\"><span style=\"color: #fecb02;\">MONTAG BIS DONNERSTAG<\/span>: 8 \u2013 17 Uhr (GMT)<\/span><br \/> <span style=\"font-weight: bold; font-size: 14px;\"><span style=\"color: #fecb02;\">FREITAG<\/span>: 8 \u2013 13 Uhr (GMT)<\/span> <\/p>\n<h3 style=\"font-size: 18px; text-transform: uppercase; color: #fecb02;\">E-Mail-Adresse<\/h3>\n<p>centaur@simplefit.co.uk<\/p>\n<h3 style=\"font-size: 18px; text-transform: uppercase; color: #fecb02;\">Telefon<\/h3>\n<p>023 8066 3210<\/p>\n<h3 style=\"font-size: 18px; text-transform: uppercase; color: #fecb02;\">Nachricht<\/h3>\n<p>Everyday Solutions Ltd,<br \/> Central Crescent,<br \/> Marchwood Industrial Park, Marchwood<br \/> SO40 4BJ, UK<\/p>\n<h3 style=\"font-size: 18px; text-transform: uppercase; color: #fecb02; font-weight: bold;\">Folge uns<\/h3>\n<div class=\"social-icons follow-icons\" ><a href=\"#\" target=\"_blank\" data-label=\"Facebook\" class=\"icon primary button circle tooltip facebook\" title=\"Folge uns Facebook\" aria-label=\"Folge uns Facebook\" rel=\"noopener nofollow\"><i class=\"icon-facebook\" aria-hidden=\"true\"><\/i><\/a><a href=\"#\" data-label=\"Twitter\" target=\"_blank\" class=\"icon primary button circle tooltip twitter\" title=\"Folge uns Twitter\" aria-label=\"Folge uns Twitter\" rel=\"noopener nofollow\"><i class=\"icon-twitter\" aria-hidden=\"true\"><\/i><\/a><a href=\"#\" data-label=\"Pinterest\" target=\"_blank\" class=\"icon primary button circle tooltip pinterest\" title=\"Folge uns Pinterest\" aria-label=\"Folge uns Pinterest\" rel=\"noopener nofollow\"><i class=\"icon-pinterest\" aria-hidden=\"true\"><\/i><\/a><\/div>\n\t\t<\/div>\n\t\t\t\t\t<\/div>\n\n\t\n<\/div>\n\t<div id=\"gap-734450878\" class=\"gap-element clearfix\" style=\"display:block; height:auto;\">\n\t\t\n<style>\n#gap-734450878 {\n  padding-top: 60px;\n}\n<\/style>\n\t<\/div>\n\t\n<p style=\"margin:0;\"><a class=\"full-width-btn uppercase\" href=\"https:\/\/horserugdriers.co.uk\/de\/shop-2\/\">Produkte ansehen<\/a><\/p>\n<div class=\"row row-collapse row-full-width align-middle align-center\"  id=\"row-647779649\">\n\n\t<div id=\"col-222467629\" class=\"col small-12 large-12\"  >\n\t\t\t\t<div class=\"col-inner\"  >\n\t\t\t\n\t\t\t\n<div class=\"row row-collapse align-middle align-center\"  id=\"row-1501638050\">\n\n\t<div id=\"col-1073222721\" class=\"col medium-4 small-12 large-4\"  >\n\t\t\t\t<div class=\"col-inner text-left\"  >\n\t\t\t\n\t\t\t\n<p style=\"color:#000000;font-size:18px;margin:0px !important;\"><span style=\"font-weight:600;\">Accepted payment methods<\/span><br \/>\nAll online card transactions are securely handled by Sage Pay and PayPal<\/p>\n\t\t<\/div>\n\t\t\t\t\n<style>\n#col-1073222721 > .col-inner {\n  padding: 0px 0px 0px 10px;\n}\n<\/style>\n\t<\/div>\n\n\t\n\n\t<div id=\"col-1158521767\" class=\"col medium-4 small-12 large-4\"  >\n\t\t\t\t<div class=\"col-inner\"  >\n\t\t\t\n\t\t\t\n\t<div class=\"img has-hover x md-x lg-x y md-y lg-y\" id=\"image_1194191291\">\n\t\t\t\t\t\t\t\t<div class=\"img-inner dark\" >\n\t\t\t<img decoding=\"async\" width=\"404\" height=\"79\" src=\"https:\/\/horserugdriers.co.uk\/wp-content\/uploads\/2017\/07\/cards.png\" class=\"attachment-large size-large\" alt=\"\" \/>\t\t\t\t\t\t\n\t\t\t\t\t<\/div>\n\t\t\t\t\t\t\t\t\n<style>\n#image_1194191291 {\n  width: 100%;\n}\n<\/style>\n\t<\/div>\n\t\n\t\t<\/div>\n\t\t\t\t\n<style>\n#col-1158521767 > .col-inner {\n  padding: 0px 0px 0px 0px;\n}\n<\/style>\n\t<\/div>\n\n\t\n\n\t<div id=\"col-122093640\" class=\"col medium-4 small-12 large-4\"  >\n\t\t\t\t<div class=\"col-inner\"  >\n\t\t\t\n\t\t\t\n\t<div class=\"img has-hover x md-x lg-x y md-y lg-y\" id=\"image_682938557\">\n\t\t\t\t\t\t\t\t<div class=\"img-inner dark\" >\n\t\t\t<img decoding=\"async\" width=\"426\" height=\"79\" src=\"https:\/\/horserugdriers.co.uk\/wp-content\/uploads\/2017\/07\/gateway.png\" class=\"attachment-large size-large\" alt=\"\" \/>\t\t\t\t\t\t\n\t\t\t\t\t<\/div>\n\t\t\t\t\t\t\t\t\n<style>\n#image_682938557 {\n  width: 100%;\n}\n<\/style>\n\t<\/div>\n\t\n\t\t<\/div>\n\t\t\t\t\n<style>\n#col-122093640 > .col-inner {\n  padding: 0px 0px 0px 0px;\n}\n<\/style>\n\t<\/div>\n\n\t\n<\/div>\n\t\t<\/div>\n\t\t\t\t\n<style>\n#col-222467629 > .col-inner {\n  padding: 46px 0px 46px 0px;\n  margin: 0px 0px 0px 0;\n  max-width: 100%;\n}\n<\/style>\n\t<\/div>\n\n\t\n\n<style>\n#row-647779649 > .col > .col-inner {\n  background-color: rgb(241, 241, 241);\n}\n<\/style>\n<\/div>\n","protected":false},"excerpt":{"rendered":"<p>Produkte ansehen<\/p>\n","protected":false},"author":43,"featured_media":0,"parent":0,"menu_order":0,"comment_status":"open","ping_status":"open","template":"page-transparent-header.php","meta":{"footnotes":""},"class_list":["post-1496","page","type-page","status-publish","hentry"],"yoast_head":"<!-- This site is optimized with the Yoast SEO plugin v26.6 - https:\/\/yoast.com\/wordpress\/plugins\/seo\/ -->\n<title>Contact - Heated Horse Rug Dryers by Centaur<\/title>\n<meta name=\"description\" content=\"Please contact our friendly team if you have any questions or would like to place an order, on 023 8066 3210 or through our website.\" \/>\n<meta name=\"robots\" content=\"index, follow, max-snippet:-1, max-image-preview:large, max-video-preview:-1\" \/>\n<link rel=\"canonical\" href=\"https:\/\/horserugdriers.co.uk\/de\/contact\/\" \/>\n<meta property=\"og:locale\" content=\"de_DE\" \/>\n<meta property=\"og:type\" content=\"article\" \/>\n<meta property=\"og:title\" content=\"Contact - Heated Horse Rug Dryers by Centaur\" \/>\n<meta property=\"og:description\" content=\"Please contact our friendly team if you have any questions or would like to place an order, on 023 8066 3210 or through our website.\" \/>\n<meta property=\"og:url\" content=\"https:\/\/horserugdriers.co.uk\/de\/contact\/\" \/>\n<meta property=\"og:site_name\" content=\"Heated Horse Rug Dryers by Centaur\" \/>\n<meta property=\"article:modified_time\" content=\"2017-08-14T16:08:55+00:00\" \/>\n<meta name=\"twitter:label1\" content=\"Gesch\u00e4tzte Lesezeit\" \/>\n\t<meta name=\"twitter:data1\" content=\"1\u00a0Minute\" \/>\n<script type=\"application\/ld+json\" class=\"yoast-schema-graph\">{\"@context\":\"https:\/\/schema.org\",\"@graph\":[{\"@type\":\"WebPage\",\"@id\":\"https:\/\/horserugdriers.co.uk\/de\/contact\/\",\"url\":\"https:\/\/horserugdriers.co.uk\/de\/contact\/\",\"name\":\"Contact - Heated Horse Rug Dryers by Centaur\",\"isPartOf\":{\"@id\":\"https:\/\/horserugdriers.co.uk\/#website\"},\"datePublished\":\"2013-08-07T15:27:51+00:00\",\"dateModified\":\"2017-08-14T16:08:55+00:00\",\"description\":\"Please contact our friendly team if you have any questions or would like to place an order, on 023 8066 3210 or through our website.\",\"breadcrumb\":{\"@id\":\"https:\/\/horserugdriers.co.uk\/de\/contact\/#breadcrumb\"},\"inLanguage\":\"de\",\"potentialAction\":[{\"@type\":\"ReadAction\",\"target\":[\"https:\/\/horserugdriers.co.uk\/de\/contact\/\"]}]},{\"@type\":\"BreadcrumbList\",\"@id\":\"https:\/\/horserugdriers.co.uk\/de\/contact\/#breadcrumb\",\"itemListElement\":[{\"@type\":\"ListItem\",\"position\":1,\"name\":\"Home\",\"item\":\"https:\/\/horserugdriers.co.uk\/de\/\"},{\"@type\":\"ListItem\",\"position\":2,\"name\":\"Contact\"}]},{\"@type\":\"WebSite\",\"@id\":\"https:\/\/horserugdriers.co.uk\/#website\",\"url\":\"https:\/\/horserugdriers.co.uk\/\",\"name\":\"Heated Horse Rug Dryers by Centaur\",\"description\":\"Heated Horse Rug Dryers UK\",\"potentialAction\":[{\"@type\":\"SearchAction\",\"target\":{\"@type\":\"EntryPoint\",\"urlTemplate\":\"https:\/\/horserugdriers.co.uk\/?s={search_term_string}\"},\"query-input\":{\"@type\":\"PropertyValueSpecification\",\"valueRequired\":true,\"valueName\":\"search_term_string\"}}],\"inLanguage\":\"de\"}]}<\/script>\n<!-- \/ Yoast SEO plugin. -->","yoast_head_json":{"title":"Contact - Heated Horse Rug Dryers by Centaur","description":"Please contact our friendly team if you have any questions or would like to place an order, on 023 8066 3210 or through our website.","robots":{"index":"index","follow":"follow","max-snippet":"max-snippet:-1","max-image-preview":"max-image-preview:large","max-video-preview":"max-video-preview:-1"},"canonical":"https:\/\/horserugdriers.co.uk\/de\/contact\/","og_locale":"de_DE","og_type":"article","og_title":"Contact - Heated Horse Rug Dryers by Centaur","og_description":"Please contact our friendly team if you have any questions or would like to place an order, on 023 8066 3210 or through our website.","og_url":"https:\/\/horserugdriers.co.uk\/de\/contact\/","og_site_name":"Heated Horse Rug Dryers by Centaur","article_modified_time":"2017-08-14T16:08:55+00:00","twitter_misc":{"Gesch\u00e4tzte Lesezeit":"1\u00a0Minute"},"schema":{"@context":"https:\/\/schema.org","@graph":[{"@type":"WebPage","@id":"https:\/\/horserugdriers.co.uk\/de\/contact\/","url":"https:\/\/horserugdriers.co.uk\/de\/contact\/","name":"Contact - Heated Horse Rug Dryers by Centaur","isPartOf":{"@id":"https:\/\/horserugdriers.co.uk\/#website"},"datePublished":"2013-08-07T15:27:51+00:00","dateModified":"2017-08-14T16:08:55+00:00","description":"Please contact our friendly team if you have any questions or would like to place an order, on 023 8066 3210 or through our website.","breadcrumb":{"@id":"https:\/\/horserugdriers.co.uk\/de\/contact\/#breadcrumb"},"inLanguage":"de","potentialAction":[{"@type":"ReadAction","target":["https:\/\/horserugdriers.co.uk\/de\/contact\/"]}]},{"@type":"BreadcrumbList","@id":"https:\/\/horserugdriers.co.uk\/de\/contact\/#breadcrumb","itemListElement":[{"@type":"ListItem","position":1,"name":"Home","item":"https:\/\/horserugdriers.co.uk\/de\/"},{"@type":"ListItem","position":2,"name":"Contact"}]},{"@type":"WebSite","@id":"https:\/\/horserugdriers.co.uk\/#website","url":"https:\/\/horserugdriers.co.uk\/","name":"Heated Horse Rug Dryers by Centaur","description":"Heated Horse Rug Dryers UK","potentialAction":[{"@type":"SearchAction","target":{"@type":"EntryPoint","urlTemplate":"https:\/\/horserugdriers.co.uk\/?s={search_term_string}"},"query-input":{"@type":"PropertyValueSpecification","valueRequired":true,"valueName":"search_term_string"}}],"inLanguage":"de"}]}},"post_mailing_queue_ids":[],"_links":{"self":[{"href":"https:\/\/horserugdriers.co.uk\/de\/wp-json\/wp\/v2\/pages\/1496","targetHints":{"allow":["GET"]}}],"collection":[{"href":"https:\/\/horserugdriers.co.uk\/de\/wp-json\/wp\/v2\/pages"}],"about":[{"href":"https:\/\/horserugdriers.co.uk\/de\/wp-json\/wp\/v2\/types\/page"}],"author":[{"embeddable":true,"href":"https:\/\/horserugdriers.co.uk\/de\/wp-json\/wp\/v2\/users\/43"}],"replies":[{"embeddable":true,"href":"https:\/\/horserugdriers.co.uk\/de\/wp-json\/wp\/v2\/comments?post=1496"}],"version-history":[{"count":0,"href":"https:\/\/horserugdriers.co.uk\/de\/wp-json\/wp\/v2\/pages\/1496\/revisions"}],"wp:attachment":[{"href":"https:\/\/horserugdriers.co.uk\/de\/wp-json\/wp\/v2\/media?parent=1496"}],"curies":[{"name":"wp","href":"https:\/\/api.w.org\/{rel}","templated":true}]}}