{"id":1506,"date":"2013-09-26T11:11:34","date_gmt":"2013-09-26T10:11:34","guid":{"rendered":"http:\/\/centaurdev.centaur.yuno-cirrus.com\/product\/4-pair-boot-dryer\/"},"modified":"2022-07-06T04:02:15","modified_gmt":"2022-07-06T03:02:15","slug":"4-pair-boot-dryer","status":"publish","type":"product","link":"https:\/\/horserugdriers.co.uk\/de\/produkt\/4-pair-boot-dryer\/","title":{"rendered":"Stiefeltrockner 4 Paare"},"content":{"rendered":"<div><strong>H\u00d6HE:<\/strong>  3&#8217;8&#8243;(1120mm)<br \/>\n<strong>L\u00e4nge:<\/strong>  1&#8217;8&#8243;(500mm)<br \/>\n<strong>Breite:<\/strong>  1&#8217;8&#8243;(500mm)<br \/>\n<strong>Gewicht:<\/strong>  26.5lbs (12Kgs)<\/div>\n<p>G\u00d6NNEN SIE IHREN F\u00dcSSEN ETWAS UND VERABSCHIEDEN SIE SICH VON KALTEN, NASSEN STIEFELN UND HEISSEN SIE WARME, TROCKENE F\u00dcSSE WILLKOMMEN!<\/p>\n<ul>\n<li>Mit einem Thermostat geregeltes Heizelement<\/li>\n<li>Strahlt W\u00e4rme aus, daher werden kalte R\u00e4ume aufgew\u00e4rmt, w\u00e4hrend Ihre Stiefel getrocknet werden<\/li>\n<li>Vielseitig \u2013 trocknet alle m\u00f6glichen Arten von Schuhen, seien es Reit- und Stallstiefel, Skischuhe, Wanderschuhe oder Golfschuhe<\/li>\n<li>Hilft, die Form Ihrer Stiefel beizubehalten<\/li>\n<\/ul>\n","protected":false},"excerpt":{"rendered":"<p>H\u00d6HE: 3&#8217;8&#8243;(1120mm) L\u00e4nge: 1&#8217;8&#8243;(500mm) Breite: 1&#8217;8&#8243;(500mm) Gewicht: 26.5lbs (12Kgs) G\u00d6NNEN SIE IHREN F\u00dcSSEN ETWAS UND VERABSCHIEDEN SIE SICH VON KALTEN, NASSEN STIEFELN UND HEISSEN SIE WARME, TROCKENE F\u00dcSSE WILLKOMMEN! Mit einem Thermostat geregeltes Heizelement Strahlt W\u00e4rme aus, daher werden kalte R\u00e4ume aufgew\u00e4rmt, w\u00e4hrend Ihre Stiefel getrocknet werden Vielseitig \u2013 trocknet alle m\u00f6glichen Arten von Schuhen, [&#8230;]\n","protected":false},"featured_media":1440,"comment_status":"open","ping_status":"closed","template":"","meta":[],"product_brand":[],"product_cat":[],"product_tag":[],"class_list":{"0":"post-1506","1":"product","2":"type-product","3":"status-publish","4":"has-post-thumbnail","6":"product_shipping_class-4-boot-dryer","8":"first","9":"outofstock","10":"taxable","11":"shipping-taxable","12":"purchasable","13":"product-type-simple"},"yoast_head":"<!-- This site is optimized with the Yoast SEO plugin v26.6 - https:\/\/yoast.com\/wordpress\/plugins\/seo\/ -->\n<title>Stiefeltrockner 4 Paare - Heated Horse Rug Dryers by Centaur<\/title>\n<meta name=\"robots\" content=\"index, follow, max-snippet:-1, max-image-preview:large, max-video-preview:-1\" \/>\n<link rel=\"canonical\" href=\"https:\/\/horserugdriers.co.uk\/de\/produkt\/4-pair-boot-dryer\/\" \/>\n<meta property=\"og:locale\" content=\"de_DE\" \/>\n<meta property=\"og:type\" content=\"article\" \/>\n<meta property=\"og:title\" content=\"Stiefeltrockner 4 Paare - Heated Horse Rug Dryers by Centaur\" \/>\n<meta property=\"og:description\" content=\"H\u00d6HE: 3&#8217;8&#8243;(1120mm) L\u00e4nge: 1&#8217;8&#8243;(500mm) Breite: 1&#8217;8&#8243;(500mm) Gewicht: 26.5lbs (12Kgs) G\u00d6NNEN SIE IHREN F\u00dcSSEN ETWAS UND VERABSCHIEDEN SIE SICH VON KALTEN, NASSEN STIEFELN UND HEISSEN SIE WARME, TROCKENE F\u00dcSSE WILLKOMMEN! Mit einem Thermostat geregeltes Heizelement Strahlt W\u00e4rme aus, daher werden kalte R\u00e4ume aufgew\u00e4rmt, w\u00e4hrend Ihre Stiefel getrocknet werden Vielseitig \u2013 trocknet alle m\u00f6glichen Arten von Schuhen, [...]\" \/>\n<meta property=\"og:url\" content=\"https:\/\/horserugdriers.co.uk\/de\/produkt\/4-pair-boot-dryer\/\" \/>\n<meta property=\"og:site_name\" content=\"Heated Horse Rug Dryers by Centaur\" \/>\n<meta property=\"article:modified_time\" content=\"2022-07-06T03:02:15+00:00\" \/>\n<meta property=\"og:image\" content=\"https:\/\/horserugdriers.co.uk\/wp-content\/uploads\/2013\/09\/boot-drier.png\" \/>\n\t<meta property=\"og:image:width\" content=\"197\" \/>\n\t<meta property=\"og:image:height\" content=\"350\" \/>\n\t<meta property=\"og:image:type\" content=\"image\/png\" \/>\n<script type=\"application\/ld+json\" class=\"yoast-schema-graph\">{\"@context\":\"https:\/\/schema.org\",\"@graph\":[{\"@type\":\"WebPage\",\"@id\":\"https:\/\/horserugdriers.co.uk\/de\/produkt\/4-pair-boot-dryer\/\",\"url\":\"https:\/\/horserugdriers.co.uk\/de\/produkt\/4-pair-boot-dryer\/\",\"name\":\"Stiefeltrockner 4 Paare - Heated Horse Rug Dryers by Centaur\",\"isPartOf\":{\"@id\":\"https:\/\/horserugdriers.co.uk\/#website\"},\"primaryImageOfPage\":{\"@id\":\"https:\/\/horserugdriers.co.uk\/de\/produkt\/4-pair-boot-dryer\/#primaryimage\"},\"image\":{\"@id\":\"https:\/\/horserugdriers.co.uk\/de\/produkt\/4-pair-boot-dryer\/#primaryimage\"},\"thumbnailUrl\":\"https:\/\/horserugdriers.co.uk\/wp-content\/uploads\/2013\/09\/boot-drier.png\",\"datePublished\":\"2013-09-26T10:11:34+00:00\",\"dateModified\":\"2022-07-06T03:02:15+00:00\",\"breadcrumb\":{\"@id\":\"https:\/\/horserugdriers.co.uk\/de\/produkt\/4-pair-boot-dryer\/#breadcrumb\"},\"inLanguage\":\"de\",\"potentialAction\":[{\"@type\":\"ReadAction\",\"target\":[\"https:\/\/horserugdriers.co.uk\/de\/produkt\/4-pair-boot-dryer\/\"]}]},{\"@type\":\"ImageObject\",\"inLanguage\":\"de\",\"@id\":\"https:\/\/horserugdriers.co.uk\/de\/produkt\/4-pair-boot-dryer\/#primaryimage\",\"url\":\"https:\/\/horserugdriers.co.uk\/wp-content\/uploads\/2013\/09\/boot-drier.png\",\"contentUrl\":\"https:\/\/horserugdriers.co.uk\/wp-content\/uploads\/2013\/09\/boot-drier.png\",\"width\":197,\"height\":350},{\"@type\":\"BreadcrumbList\",\"@id\":\"https:\/\/horserugdriers.co.uk\/de\/produkt\/4-pair-boot-dryer\/#breadcrumb\",\"itemListElement\":[{\"@type\":\"ListItem\",\"position\":1,\"name\":\"Home\",\"item\":\"https:\/\/horserugdriers.co.uk\/de\/\"},{\"@type\":\"ListItem\",\"position\":2,\"name\":\"Products\",\"item\":\"https:\/\/horserugdriers.co.uk\/shop\/\"},{\"@type\":\"ListItem\",\"position\":3,\"name\":\"Stiefeltrockner 4 Paare\"}]},{\"@type\":\"WebSite\",\"@id\":\"https:\/\/horserugdriers.co.uk\/#website\",\"url\":\"https:\/\/horserugdriers.co.uk\/\",\"name\":\"Heated Horse Rug Dryers by Centaur\",\"description\":\"Heated Horse Rug Dryers UK\",\"potentialAction\":[{\"@type\":\"SearchAction\",\"target\":{\"@type\":\"EntryPoint\",\"urlTemplate\":\"https:\/\/horserugdriers.co.uk\/?s={search_term_string}\"},\"query-input\":{\"@type\":\"PropertyValueSpecification\",\"valueRequired\":true,\"valueName\":\"search_term_string\"}}],\"inLanguage\":\"de\"}]}<\/script>\n<!-- \/ Yoast SEO plugin. -->","yoast_head_json":{"title":"Stiefeltrockner 4 Paare - Heated Horse Rug Dryers by Centaur","robots":{"index":"index","follow":"follow","max-snippet":"max-snippet:-1","max-image-preview":"max-image-preview:large","max-video-preview":"max-video-preview:-1"},"canonical":"https:\/\/horserugdriers.co.uk\/de\/produkt\/4-pair-boot-dryer\/","og_locale":"de_DE","og_type":"article","og_title":"Stiefeltrockner 4 Paare - Heated Horse Rug Dryers by Centaur","og_description":"H\u00d6HE: 3&#8217;8&#8243;(1120mm) L\u00e4nge: 1&#8217;8&#8243;(500mm) Breite: 1&#8217;8&#8243;(500mm) Gewicht: 26.5lbs (12Kgs) G\u00d6NNEN SIE IHREN F\u00dcSSEN ETWAS UND VERABSCHIEDEN SIE SICH VON KALTEN, NASSEN STIEFELN UND HEISSEN SIE WARME, TROCKENE F\u00dcSSE WILLKOMMEN! Mit einem Thermostat geregeltes Heizelement Strahlt W\u00e4rme aus, daher werden kalte R\u00e4ume aufgew\u00e4rmt, w\u00e4hrend Ihre Stiefel getrocknet werden Vielseitig \u2013 trocknet alle m\u00f6glichen Arten von Schuhen, [...]","og_url":"https:\/\/horserugdriers.co.uk\/de\/produkt\/4-pair-boot-dryer\/","og_site_name":"Heated Horse Rug Dryers by Centaur","article_modified_time":"2022-07-06T03:02:15+00:00","og_image":[{"width":197,"height":350,"url":"https:\/\/horserugdriers.co.uk\/wp-content\/uploads\/2013\/09\/boot-drier.png","type":"image\/png"}],"schema":{"@context":"https:\/\/schema.org","@graph":[{"@type":"WebPage","@id":"https:\/\/horserugdriers.co.uk\/de\/produkt\/4-pair-boot-dryer\/","url":"https:\/\/horserugdriers.co.uk\/de\/produkt\/4-pair-boot-dryer\/","name":"Stiefeltrockner 4 Paare - Heated Horse Rug Dryers by Centaur","isPartOf":{"@id":"https:\/\/horserugdriers.co.uk\/#website"},"primaryImageOfPage":{"@id":"https:\/\/horserugdriers.co.uk\/de\/produkt\/4-pair-boot-dryer\/#primaryimage"},"image":{"@id":"https:\/\/horserugdriers.co.uk\/de\/produkt\/4-pair-boot-dryer\/#primaryimage"},"thumbnailUrl":"https:\/\/horserugdriers.co.uk\/wp-content\/uploads\/2013\/09\/boot-drier.png","datePublished":"2013-09-26T10:11:34+00:00","dateModified":"2022-07-06T03:02:15+00:00","breadcrumb":{"@id":"https:\/\/horserugdriers.co.uk\/de\/produkt\/4-pair-boot-dryer\/#breadcrumb"},"inLanguage":"de","potentialAction":[{"@type":"ReadAction","target":["https:\/\/horserugdriers.co.uk\/de\/produkt\/4-pair-boot-dryer\/"]}]},{"@type":"ImageObject","inLanguage":"de","@id":"https:\/\/horserugdriers.co.uk\/de\/produkt\/4-pair-boot-dryer\/#primaryimage","url":"https:\/\/horserugdriers.co.uk\/wp-content\/uploads\/2013\/09\/boot-drier.png","contentUrl":"https:\/\/horserugdriers.co.uk\/wp-content\/uploads\/2013\/09\/boot-drier.png","width":197,"height":350},{"@type":"BreadcrumbList","@id":"https:\/\/horserugdriers.co.uk\/de\/produkt\/4-pair-boot-dryer\/#breadcrumb","itemListElement":[{"@type":"ListItem","position":1,"name":"Home","item":"https:\/\/horserugdriers.co.uk\/de\/"},{"@type":"ListItem","position":2,"name":"Products","item":"https:\/\/horserugdriers.co.uk\/shop\/"},{"@type":"ListItem","position":3,"name":"Stiefeltrockner 4 Paare"}]},{"@type":"WebSite","@id":"https:\/\/horserugdriers.co.uk\/#website","url":"https:\/\/horserugdriers.co.uk\/","name":"Heated Horse Rug Dryers by Centaur","description":"Heated Horse Rug Dryers UK","potentialAction":[{"@type":"SearchAction","target":{"@type":"EntryPoint","urlTemplate":"https:\/\/horserugdriers.co.uk\/?s={search_term_string}"},"query-input":{"@type":"PropertyValueSpecification","valueRequired":true,"valueName":"search_term_string"}}],"inLanguage":"de"}]}},"post_mailing_queue_ids":[],"_links":{"self":[{"href":"https:\/\/horserugdriers.co.uk\/de\/wp-json\/wp\/v2\/product\/1506","targetHints":{"allow":["GET"]}}],"collection":[{"href":"https:\/\/horserugdriers.co.uk\/de\/wp-json\/wp\/v2\/product"}],"about":[{"href":"https:\/\/horserugdriers.co.uk\/de\/wp-json\/wp\/v2\/types\/product"}],"replies":[{"embeddable":true,"href":"https:\/\/horserugdriers.co.uk\/de\/wp-json\/wp\/v2\/comments?post=1506"}],"wp:featuredmedia":[{"embeddable":true,"href":"https:\/\/horserugdriers.co.uk\/de\/wp-json\/wp\/v2\/media\/1440"}],"wp:attachment":[{"href":"https:\/\/horserugdriers.co.uk\/de\/wp-json\/wp\/v2\/media?parent=1506"}],"wp:term":[{"taxonomy":"product_brand","embeddable":true,"href":"https:\/\/horserugdriers.co.uk\/de\/wp-json\/wp\/v2\/product_brand?post=1506"},{"taxonomy":"product_cat","embeddable":true,"href":"https:\/\/horserugdriers.co.uk\/de\/wp-json\/wp\/v2\/product_cat?post=1506"},{"taxonomy":"product_tag","embeddable":true,"href":"https:\/\/horserugdriers.co.uk\/de\/wp-json\/wp\/v2\/product_tag?post=1506"}],"curies":[{"name":"wp","href":"https:\/\/api.w.org\/{rel}","templated":true}]}}