{"id":1515,"date":"2013-09-26T11:58:33","date_gmt":"2013-09-26T09:58:33","guid":{"rendered":"http:\/\/centaurdev.centaur.yuno-cirrus.com\/product\/4-bar-eco-dryer\/"},"modified":"2025-04-11T15:55:45","modified_gmt":"2025-04-11T14:55:45","slug":"4-bar-eco-dryer","status":"publish","type":"product","link":"https:\/\/horserugdriers.co.uk\/de\/produkt\/4-bar-eco-dryer\/","title":{"rendered":"\u00d6ko-Deckentrockner mit vier Stangen"},"content":{"rendered":"<p><strong>H\u00d6HE:<\/strong> \u00a03&#8217;6&#8243; (1030mm)<br \/>\n<strong>L\u00e4nge:<\/strong> \u00a06&#8217;6&#8243; (1980mm) an der Basis<br \/>\n<strong>Breite:<\/strong> \u00a02&#8217;10&#8220; (860mm)<br \/>\n<strong>Gewicht:<\/strong> \u00a043kgs<\/p>\n<div>Der Trockner mit vier Stangen eignet sich ideal f\u00fcr Besitzer von vier bis acht Pferden. Bei einer Trockenzeit im nassen Zustand von nur vier Stunden k\u00f6nnen Sie ganz einfach zwei Reihen an Decken pro Tag trocknen.<\/div>\n<p>VOLLST\u00c4NDIG TRAGBAR UND DER TROCKNER MIT VIER STANGEN KANN EINFACH BEWEGT WERDEN.<\/p>\n<ul>\n<li>\u00d6KO Heizelement mit Thermostat<\/li>\n<li>Komplett mit 4-Meter langem Kabel und 13 Amp Stecker f\u00fcr ein normales 13 Amp Ringleitungssystem<\/li>\n<li>Haltbare, solide Rollen und Drehlager<\/li>\n<li>Stabile Pulverbeschichtung, gebrannt und auf Polyester basierend<\/li>\n<li><strong>12 Monate Garantie bei Defekten oder Ausf\u00fchrungsfehlern<\/strong><\/li>\n<\/ul>\n","protected":false},"excerpt":{"rendered":"<p>H\u00d6HE: \u00a03&#8217;6&#8243; (1030mm) L\u00e4nge: \u00a06&#8217;6&#8243; (1980mm) an der Basis Breite: \u00a02&#8217;10&#8220; (860mm) Gewicht: \u00a043kgs Der Trockner mit vier Stangen eignet sich ideal f\u00fcr Besitzer von vier bis acht Pferden. Bei einer Trockenzeit im nassen Zustand von nur vier Stunden k\u00f6nnen Sie ganz einfach zwei Reihen an Decken pro Tag trocknen. VOLLST\u00c4NDIG TRAGBAR UND DER TROCKNER [&#8230;]\n","protected":false},"featured_media":1431,"comment_status":"open","ping_status":"closed","template":"","meta":[],"product_brand":[],"product_cat":[],"product_tag":[],"class_list":{"0":"post-1515","1":"product","2":"type-product","3":"status-publish","4":"has-post-thumbnail","6":"product_shipping_class-horse-rug-dryer","8":"first","9":"outofstock","10":"taxable","11":"shipping-taxable","12":"purchasable","13":"product-type-simple"},"yoast_head":"<!-- This site is optimized with the Yoast SEO plugin v26.6 - https:\/\/yoast.com\/wordpress\/plugins\/seo\/ -->\n<title>\u00d6ko-Deckentrockner mit vier Stangen - Heated Horse Rug Dryers by Centaur<\/title>\n<meta name=\"robots\" content=\"index, follow, max-snippet:-1, max-image-preview:large, max-video-preview:-1\" \/>\n<link rel=\"canonical\" href=\"https:\/\/horserugdriers.co.uk\/de\/produkt\/4-bar-eco-dryer\/\" \/>\n<meta property=\"og:locale\" content=\"de_DE\" \/>\n<meta property=\"og:type\" content=\"article\" \/>\n<meta property=\"og:title\" content=\"\u00d6ko-Deckentrockner mit vier Stangen - Heated Horse Rug Dryers by Centaur\" \/>\n<meta property=\"og:description\" content=\"H\u00d6HE: \u00a03&#8217;6&#8243; (1030mm) L\u00e4nge: \u00a06&#8217;6&#8243; (1980mm) an der Basis Breite: \u00a02&#8217;10&#8220; (860mm) Gewicht: \u00a043kgs Der Trockner mit vier Stangen eignet sich ideal f\u00fcr Besitzer von vier bis acht Pferden. Bei einer Trockenzeit im nassen Zustand von nur vier Stunden k\u00f6nnen Sie ganz einfach zwei Reihen an Decken pro Tag trocknen. VOLLST\u00c4NDIG TRAGBAR UND DER TROCKNER [...]\" \/>\n<meta property=\"og:url\" content=\"https:\/\/horserugdriers.co.uk\/de\/produkt\/4-bar-eco-dryer\/\" \/>\n<meta property=\"og:site_name\" content=\"Heated Horse Rug Dryers by Centaur\" \/>\n<meta property=\"article:modified_time\" content=\"2025-04-11T14:55:45+00:00\" \/>\n<meta property=\"og:image\" content=\"https:\/\/horserugdriers.co.uk\/wp-content\/uploads\/2013\/09\/rug-drier-4-rail-side-e1383230176611.png\" \/>\n\t<meta property=\"og:image:width\" content=\"322\" \/>\n\t<meta property=\"og:image:height\" content=\"269\" \/>\n\t<meta property=\"og:image:type\" content=\"image\/png\" \/>\n<meta name=\"twitter:label1\" content=\"Gesch\u00e4tzte Lesezeit\" \/>\n\t<meta name=\"twitter:data1\" content=\"1\u00a0Minute\" \/>\n<script type=\"application\/ld+json\" class=\"yoast-schema-graph\">{\"@context\":\"https:\/\/schema.org\",\"@graph\":[{\"@type\":\"WebPage\",\"@id\":\"https:\/\/horserugdriers.co.uk\/de\/produkt\/4-bar-eco-dryer\/\",\"url\":\"https:\/\/horserugdriers.co.uk\/de\/produkt\/4-bar-eco-dryer\/\",\"name\":\"\u00d6ko-Deckentrockner mit vier Stangen - Heated Horse Rug Dryers by Centaur\",\"isPartOf\":{\"@id\":\"https:\/\/horserugdriers.co.uk\/#website\"},\"primaryImageOfPage\":{\"@id\":\"https:\/\/horserugdriers.co.uk\/de\/produkt\/4-bar-eco-dryer\/#primaryimage\"},\"image\":{\"@id\":\"https:\/\/horserugdriers.co.uk\/de\/produkt\/4-bar-eco-dryer\/#primaryimage\"},\"thumbnailUrl\":\"https:\/\/horserugdriers.co.uk\/wp-content\/uploads\/2013\/09\/rug-drier-4-rail-side-e1383230176611.png\",\"datePublished\":\"2013-09-26T09:58:33+00:00\",\"dateModified\":\"2025-04-11T14:55:45+00:00\",\"breadcrumb\":{\"@id\":\"https:\/\/horserugdriers.co.uk\/de\/produkt\/4-bar-eco-dryer\/#breadcrumb\"},\"inLanguage\":\"de\",\"potentialAction\":[{\"@type\":\"ReadAction\",\"target\":[\"https:\/\/horserugdriers.co.uk\/de\/produkt\/4-bar-eco-dryer\/\"]}]},{\"@type\":\"ImageObject\",\"inLanguage\":\"de\",\"@id\":\"https:\/\/horserugdriers.co.uk\/de\/produkt\/4-bar-eco-dryer\/#primaryimage\",\"url\":\"https:\/\/horserugdriers.co.uk\/wp-content\/uploads\/2013\/09\/rug-drier-4-rail-side-e1383230176611.png\",\"contentUrl\":\"https:\/\/horserugdriers.co.uk\/wp-content\/uploads\/2013\/09\/rug-drier-4-rail-side-e1383230176611.png\",\"width\":322,\"height\":269},{\"@type\":\"BreadcrumbList\",\"@id\":\"https:\/\/horserugdriers.co.uk\/de\/produkt\/4-bar-eco-dryer\/#breadcrumb\",\"itemListElement\":[{\"@type\":\"ListItem\",\"position\":1,\"name\":\"Home\",\"item\":\"https:\/\/horserugdriers.co.uk\/de\/\"},{\"@type\":\"ListItem\",\"position\":2,\"name\":\"Products\",\"item\":\"https:\/\/horserugdriers.co.uk\/shop\/\"},{\"@type\":\"ListItem\",\"position\":3,\"name\":\"\u00d6ko-Deckentrockner mit vier Stangen\"}]},{\"@type\":\"WebSite\",\"@id\":\"https:\/\/horserugdriers.co.uk\/#website\",\"url\":\"https:\/\/horserugdriers.co.uk\/\",\"name\":\"Heated Horse Rug Dryers by Centaur\",\"description\":\"Heated Horse Rug Dryers UK\",\"potentialAction\":[{\"@type\":\"SearchAction\",\"target\":{\"@type\":\"EntryPoint\",\"urlTemplate\":\"https:\/\/horserugdriers.co.uk\/?s={search_term_string}\"},\"query-input\":{\"@type\":\"PropertyValueSpecification\",\"valueRequired\":true,\"valueName\":\"search_term_string\"}}],\"inLanguage\":\"de\"}]}<\/script>\n<!-- \/ Yoast SEO plugin. -->","yoast_head_json":{"title":"\u00d6ko-Deckentrockner mit vier Stangen - Heated Horse Rug Dryers by Centaur","robots":{"index":"index","follow":"follow","max-snippet":"max-snippet:-1","max-image-preview":"max-image-preview:large","max-video-preview":"max-video-preview:-1"},"canonical":"https:\/\/horserugdriers.co.uk\/de\/produkt\/4-bar-eco-dryer\/","og_locale":"de_DE","og_type":"article","og_title":"\u00d6ko-Deckentrockner mit vier Stangen - Heated Horse Rug Dryers by Centaur","og_description":"H\u00d6HE: \u00a03&#8217;6&#8243; (1030mm) L\u00e4nge: \u00a06&#8217;6&#8243; (1980mm) an der Basis Breite: \u00a02&#8217;10&#8220; (860mm) Gewicht: \u00a043kgs Der Trockner mit vier Stangen eignet sich ideal f\u00fcr Besitzer von vier bis acht Pferden. Bei einer Trockenzeit im nassen Zustand von nur vier Stunden k\u00f6nnen Sie ganz einfach zwei Reihen an Decken pro Tag trocknen. VOLLST\u00c4NDIG TRAGBAR UND DER TROCKNER [...]","og_url":"https:\/\/horserugdriers.co.uk\/de\/produkt\/4-bar-eco-dryer\/","og_site_name":"Heated Horse Rug Dryers by Centaur","article_modified_time":"2025-04-11T14:55:45+00:00","og_image":[{"width":322,"height":269,"url":"https:\/\/horserugdriers.co.uk\/wp-content\/uploads\/2013\/09\/rug-drier-4-rail-side-e1383230176611.png","type":"image\/png"}],"twitter_misc":{"Gesch\u00e4tzte Lesezeit":"1\u00a0Minute"},"schema":{"@context":"https:\/\/schema.org","@graph":[{"@type":"WebPage","@id":"https:\/\/horserugdriers.co.uk\/de\/produkt\/4-bar-eco-dryer\/","url":"https:\/\/horserugdriers.co.uk\/de\/produkt\/4-bar-eco-dryer\/","name":"\u00d6ko-Deckentrockner mit vier Stangen - Heated Horse Rug Dryers by Centaur","isPartOf":{"@id":"https:\/\/horserugdriers.co.uk\/#website"},"primaryImageOfPage":{"@id":"https:\/\/horserugdriers.co.uk\/de\/produkt\/4-bar-eco-dryer\/#primaryimage"},"image":{"@id":"https:\/\/horserugdriers.co.uk\/de\/produkt\/4-bar-eco-dryer\/#primaryimage"},"thumbnailUrl":"https:\/\/horserugdriers.co.uk\/wp-content\/uploads\/2013\/09\/rug-drier-4-rail-side-e1383230176611.png","datePublished":"2013-09-26T09:58:33+00:00","dateModified":"2025-04-11T14:55:45+00:00","breadcrumb":{"@id":"https:\/\/horserugdriers.co.uk\/de\/produkt\/4-bar-eco-dryer\/#breadcrumb"},"inLanguage":"de","potentialAction":[{"@type":"ReadAction","target":["https:\/\/horserugdriers.co.uk\/de\/produkt\/4-bar-eco-dryer\/"]}]},{"@type":"ImageObject","inLanguage":"de","@id":"https:\/\/horserugdriers.co.uk\/de\/produkt\/4-bar-eco-dryer\/#primaryimage","url":"https:\/\/horserugdriers.co.uk\/wp-content\/uploads\/2013\/09\/rug-drier-4-rail-side-e1383230176611.png","contentUrl":"https:\/\/horserugdriers.co.uk\/wp-content\/uploads\/2013\/09\/rug-drier-4-rail-side-e1383230176611.png","width":322,"height":269},{"@type":"BreadcrumbList","@id":"https:\/\/horserugdriers.co.uk\/de\/produkt\/4-bar-eco-dryer\/#breadcrumb","itemListElement":[{"@type":"ListItem","position":1,"name":"Home","item":"https:\/\/horserugdriers.co.uk\/de\/"},{"@type":"ListItem","position":2,"name":"Products","item":"https:\/\/horserugdriers.co.uk\/shop\/"},{"@type":"ListItem","position":3,"name":"\u00d6ko-Deckentrockner mit vier Stangen"}]},{"@type":"WebSite","@id":"https:\/\/horserugdriers.co.uk\/#website","url":"https:\/\/horserugdriers.co.uk\/","name":"Heated Horse Rug Dryers by Centaur","description":"Heated Horse Rug Dryers UK","potentialAction":[{"@type":"SearchAction","target":{"@type":"EntryPoint","urlTemplate":"https:\/\/horserugdriers.co.uk\/?s={search_term_string}"},"query-input":{"@type":"PropertyValueSpecification","valueRequired":true,"valueName":"search_term_string"}}],"inLanguage":"de"}]}},"post_mailing_queue_ids":[],"_links":{"self":[{"href":"https:\/\/horserugdriers.co.uk\/de\/wp-json\/wp\/v2\/product\/1515","targetHints":{"allow":["GET"]}}],"collection":[{"href":"https:\/\/horserugdriers.co.uk\/de\/wp-json\/wp\/v2\/product"}],"about":[{"href":"https:\/\/horserugdriers.co.uk\/de\/wp-json\/wp\/v2\/types\/product"}],"replies":[{"embeddable":true,"href":"https:\/\/horserugdriers.co.uk\/de\/wp-json\/wp\/v2\/comments?post=1515"}],"wp:featuredmedia":[{"embeddable":true,"href":"https:\/\/horserugdriers.co.uk\/de\/wp-json\/wp\/v2\/media\/1431"}],"wp:attachment":[{"href":"https:\/\/horserugdriers.co.uk\/de\/wp-json\/wp\/v2\/media?parent=1515"}],"wp:term":[{"taxonomy":"product_brand","embeddable":true,"href":"https:\/\/horserugdriers.co.uk\/de\/wp-json\/wp\/v2\/product_brand?post=1515"},{"taxonomy":"product_cat","embeddable":true,"href":"https:\/\/horserugdriers.co.uk\/de\/wp-json\/wp\/v2\/product_cat?post=1515"},{"taxonomy":"product_tag","embeddable":true,"href":"https:\/\/horserugdriers.co.uk\/de\/wp-json\/wp\/v2\/product_tag?post=1515"}],"curies":[{"name":"wp","href":"https:\/\/api.w.org\/{rel}","templated":true}]}}